{"id":18,"date":"2020-05-02T14:01:43","date_gmt":"2020-05-02T14:01:43","guid":{"rendered":"https:\/\/fotomad.com\/\/?page_id=18"},"modified":"2020-10-14T18:52:44","modified_gmt":"2020-10-14T18:52:44","slug":"contacto","status":"publish","type":"page","link":"https:\/\/fotomad.com\/?page_id=18","title":{"rendered":"Contacto"},"content":{"rendered":"\n<p>Hola!<\/p>\n\n\n\n<p>Para cualquier pregunta o presupuesto puede contactar conmigo  por tel\u00e9fono:<\/p>\n\n\n\n<a href=\"tel:+34646065383\">+34 646 065 383<\/a>\n\n\n\n<p>Por correo electr\u00f3nico:<\/p>\n\n\n\n<p>gustavo@fotomad.com<\/p>\n\n\n\n<p>O para facilitar el presupuesto rellene el siguiente formulario y les contactar\u00e9 lo antes posible:<\/p>\n\n\n\n\n<div class=\"wpcf7 no-js\" id=\"wpcf7-f17-o1\" lang=\"en-US\" dir=\"ltr\" data-wpcf7-id=\"17\">\n<div class=\"screen-reader-response\"><p role=\"status\" aria-live=\"polite\" aria-atomic=\"true\"><\/p> <ul><\/ul><\/div>\n<form action=\"\/index.php?rest_route=%2Fwp%2Fv2%2Fpages%2F18#wpcf7-f17-o1\" method=\"post\" class=\"wpcf7-form init\" aria-label=\"Contact form\" enctype=\"multipart\/form-data\" novalidate=\"novalidate\" data-status=\"init\">\n<div style=\"display: none;\">\n<input type=\"hidden\" name=\"_wpcf7\" value=\"17\" \/>\n<input type=\"hidden\" name=\"_wpcf7_version\" value=\"6.0\" \/>\n<input type=\"hidden\" name=\"_wpcf7_locale\" value=\"en_US\" \/>\n<input type=\"hidden\" name=\"_wpcf7_unit_tag\" value=\"wpcf7-f17-o1\" \/>\n<input type=\"hidden\" name=\"_wpcf7_container_post\" value=\"0\" \/>\n<input type=\"hidden\" name=\"_wpcf7_posted_data_hash\" value=\"\" \/>\n<input type=\"hidden\" name=\"_wpcf7_recaptcha_response\" value=\"\" \/>\n<\/div>\n<p><label> Nombre (Requerido)<br \/>\n<span class=\"wpcf7-form-control-wrap\" data-name=\"your-name\"><input size=\"40\" maxlength=\"400\" class=\"wpcf7-form-control wpcf7-text wpcf7-validates-as-required\" aria-required=\"true\" aria-invalid=\"false\" value=\"\" type=\"text\" name=\"your-name\" \/><\/span> <\/label>\n<\/p>\n<p><label> Email (Requerido)<br \/>\n<span class=\"wpcf7-form-control-wrap\" data-name=\"your-email\"><input size=\"40\" maxlength=\"400\" class=\"wpcf7-form-control wpcf7-email wpcf7-validates-as-required wpcf7-text wpcf7-validates-as-email\" aria-required=\"true\" aria-invalid=\"false\" value=\"\" type=\"email\" name=\"your-email\" \/><\/span> <\/label>\n<\/p>\n<p>Role<br \/>\n<span class=\"wpcf7-form-control-wrap\" data-name=\"your-role\"><span class=\"wpcf7-form-control wpcf7-checkbox\"><span class=\"wpcf7-list-item first\"><label><input type=\"checkbox\" name=\"your-role[]\" value=\"Editor\" \/><span class=\"wpcf7-list-item-label\">Editor<\/span><\/label><\/span><span class=\"wpcf7-list-item\"><label><input type=\"checkbox\" name=\"your-role[]\" value=\"Arquitecto\" \/><span class=\"wpcf7-list-item-label\">Arquitecto<\/span><\/label><\/span><span class=\"wpcf7-list-item\"><label><input type=\"checkbox\" name=\"your-role[]\" value=\"Constructora\" \/><span class=\"wpcf7-list-item-label\">Constructora<\/span><\/label><\/span><span class=\"wpcf7-list-item\"><label><input type=\"checkbox\" name=\"your-role[]\" value=\"Decoraci\u00f3n\" \/><span class=\"wpcf7-list-item-label\">Decoraci\u00f3n<\/span><\/label><\/span><span class=\"wpcf7-list-item\"><label><input type=\"checkbox\" name=\"your-role[]\" value=\"Promotora\" \/><span class=\"wpcf7-list-item-label\">Promotora<\/span><\/label><\/span><span class=\"wpcf7-list-item\"><label><input type=\"checkbox\" name=\"your-role[]\" value=\"Proveedor\" \/><span class=\"wpcf7-list-item-label\">Proveedor<\/span><\/label><\/span><span class=\"wpcf7-list-item last\"><label><input type=\"checkbox\" name=\"your-role[]\" value=\"Otro...\" \/><span class=\"wpcf7-list-item-label\">Otro...<\/span><\/label><\/span><\/span><\/span>\n<\/p>\n<p><label> Tipo de Projecto<br \/>\n<span class=\"wpcf7-form-control-wrap\" data-name=\"your-tipologia\"><select class=\"wpcf7-form-control wpcf7-select\" aria-invalid=\"false\" name=\"your-tipologia\"><option value=\"Adquisici\u00f3n obra\">Adquisici\u00f3n obra<\/option><option value=\"Publicidad\">Publicidad<\/option><option value=\"Casa\">Casa<\/option><option value=\"Cultural\">Cultural<\/option><option value=\"Patrimonio\">Patrimonio<\/option><option value=\"Vivienda Colectiva\">Vivienda Colectiva<\/option><option value=\"Deportivo\">Deportivo<\/option><option value=\"Religioso\">Religioso<\/option><option value=\"Educaci\u00f3n\">Educaci\u00f3n<\/option><option value=\"Espacio Publico\">Espacio Publico<\/option><option value=\"Infraestructuras\">Infraestructuras<\/option><option value=\"Interiorismo\">Interiorismo<\/option><\/select><\/span><\/label>\n<\/p>\n<p><label>Documentaci\u00f3n:<br \/>\n<span class=\"wpcf7-form-control-wrap\" data-name=\"your-documentacion\"><input size=\"40\" class=\"wpcf7-form-control wpcf7-file\" accept=\".pdf\" aria-invalid=\"false\" type=\"file\" name=\"your-documentacion\" \/><\/span> <\/label>\n<\/p>\n<p><label> Comentario<br \/>\n<span class=\"wpcf7-form-control-wrap\" data-name=\"your-message\"><textarea cols=\"40\" rows=\"10\" maxlength=\"2000\" class=\"wpcf7-form-control wpcf7-textarea\" aria-invalid=\"false\" name=\"your-message\"><\/textarea><\/span> <\/label>\n<\/p>\n<p><input class=\"wpcf7-form-control wpcf7-submit has-spinner\" type=\"submit\" value=\"Enviar\" \/>\n<\/p><div class=\"wpcf7-response-output\" aria-hidden=\"true\"><\/div>\n<\/form>\n<\/div>\n\n","protected":false},"excerpt":{"rendered":"<p>Hola! Para cualquier pregunta o presupuesto puede contactar conmigo por tel\u00e9fono: +34 646 065 383 Por correo electr\u00f3nico: gustavo@fotomad.com O para facilitar el presupuesto rellene el siguiente formulario y les contactar\u00e9 lo antes posible:<\/p>\n","protected":false},"author":1,"featured_media":0,"parent":0,"menu_order":0,"comment_status":"closed","ping_status":"closed","template":"","meta":{"footnotes":""},"class_list":["post-18","page","type-page","status-publish","hentry"],"yoast_head":"<!-- This site is optimized with the Yoast SEO plugin v23.9 - https:\/\/yoast.com\/wordpress\/plugins\/seo\/ -->\n<title>Contacto - Gustavo Gonz\u00e1lez<\/title>\n<meta name=\"robots\" content=\"index, follow, max-snippet:-1, max-image-preview:large, max-video-preview:-1\" \/>\n<link rel=\"canonical\" href=\"https:\/\/fotomad.com\/?page_id=18\" \/>\n<meta property=\"og:locale\" content=\"en_US\" \/>\n<meta property=\"og:type\" content=\"article\" \/>\n<meta property=\"og:title\" content=\"Contacto - Gustavo Gonz\u00e1lez\" \/>\n<meta property=\"og:description\" content=\"Hola! Para cualquier pregunta o presupuesto puede contactar conmigo por tel\u00e9fono: +34 646 065 383 Por correo electr\u00f3nico: gustavo@fotomad.com O para facilitar el presupuesto rellene el siguiente formulario y les contactar\u00e9 lo antes posible:\" \/>\n<meta property=\"og:url\" content=\"https:\/\/fotomad.com\/?page_id=18\" \/>\n<meta property=\"og:site_name\" content=\"Gustavo Gonz\u00e1lez\" \/>\n<meta property=\"article:modified_time\" content=\"2020-10-14T18:52:44+00:00\" \/>\n<meta name=\"twitter:card\" content=\"summary_large_image\" \/>\n<script type=\"application\/ld+json\" class=\"yoast-schema-graph\">{\"@context\":\"https:\/\/schema.org\",\"@graph\":[{\"@type\":\"WebPage\",\"@id\":\"https:\/\/fotomad.com\/?page_id=18\",\"url\":\"https:\/\/fotomad.com\/?page_id=18\",\"name\":\"Contacto - Gustavo Gonz\u00e1lez\",\"isPartOf\":{\"@id\":\"https:\/\/fotomad.com\/#website\"},\"datePublished\":\"2020-05-02T14:01:43+00:00\",\"dateModified\":\"2020-10-14T18:52:44+00:00\",\"breadcrumb\":{\"@id\":\"https:\/\/fotomad.com\/?page_id=18#breadcrumb\"},\"inLanguage\":\"en-US\",\"potentialAction\":[{\"@type\":\"ReadAction\",\"target\":[\"https:\/\/fotomad.com\/?page_id=18\"]}]},{\"@type\":\"BreadcrumbList\",\"@id\":\"https:\/\/fotomad.com\/?page_id=18#breadcrumb\",\"itemListElement\":[{\"@type\":\"ListItem\",\"position\":1,\"name\":\"Home\",\"item\":\"https:\/\/fotomad.com\/\"},{\"@type\":\"ListItem\",\"position\":2,\"name\":\"Contacto\"}]},{\"@type\":\"WebSite\",\"@id\":\"https:\/\/fotomad.com\/#website\",\"url\":\"https:\/\/fotomad.com\/\",\"name\":\"Fotomad Fotograf\u00eda\",\"description\":\"Fot\u00f3grafo\",\"publisher\":{\"@id\":\"https:\/\/fotomad.com\/#\/schema\/person\/1c24198037035f63d60024129ecc0d64\"},\"potentialAction\":[{\"@type\":\"SearchAction\",\"target\":{\"@type\":\"EntryPoint\",\"urlTemplate\":\"https:\/\/fotomad.com\/?s={search_term_string}\"},\"query-input\":{\"@type\":\"PropertyValueSpecification\",\"valueRequired\":true,\"valueName\":\"search_term_string\"}}],\"inLanguage\":\"en-US\"},{\"@type\":[\"Person\",\"Organization\"],\"@id\":\"https:\/\/fotomad.com\/#\/schema\/person\/1c24198037035f63d60024129ecc0d64\",\"name\":\"Gustavo Gonz\u00e1lez Bell\u00f3n\",\"image\":{\"@type\":\"ImageObject\",\"inLanguage\":\"en-US\",\"@id\":\"https:\/\/fotomad.com\/#\/schema\/person\/image\/\",\"url\":\"https:\/\/secure.gravatar.com\/avatar\/0196dde5a04e53e76cc19e9d6a4be092?s=96&d=mm&r=g\",\"contentUrl\":\"https:\/\/secure.gravatar.com\/avatar\/0196dde5a04e53e76cc19e9d6a4be092?s=96&d=mm&r=g\",\"caption\":\"Gustavo Gonz\u00e1lez Bell\u00f3n\"},\"logo\":{\"@id\":\"https:\/\/fotomad.com\/#\/schema\/person\/image\/\"}}]}<\/script>\n<!-- \/ Yoast SEO plugin. -->","yoast_head_json":{"title":"Contacto - Gustavo Gonz\u00e1lez","robots":{"index":"index","follow":"follow","max-snippet":"max-snippet:-1","max-image-preview":"max-image-preview:large","max-video-preview":"max-video-preview:-1"},"canonical":"https:\/\/fotomad.com\/?page_id=18","og_locale":"en_US","og_type":"article","og_title":"Contacto - Gustavo Gonz\u00e1lez","og_description":"Hola! Para cualquier pregunta o presupuesto puede contactar conmigo por tel\u00e9fono: +34 646 065 383 Por correo electr\u00f3nico: gustavo@fotomad.com O para facilitar el presupuesto rellene el siguiente formulario y les contactar\u00e9 lo antes posible:","og_url":"https:\/\/fotomad.com\/?page_id=18","og_site_name":"Gustavo Gonz\u00e1lez","article_modified_time":"2020-10-14T18:52:44+00:00","twitter_card":"summary_large_image","schema":{"@context":"https:\/\/schema.org","@graph":[{"@type":"WebPage","@id":"https:\/\/fotomad.com\/?page_id=18","url":"https:\/\/fotomad.com\/?page_id=18","name":"Contacto - Gustavo Gonz\u00e1lez","isPartOf":{"@id":"https:\/\/fotomad.com\/#website"},"datePublished":"2020-05-02T14:01:43+00:00","dateModified":"2020-10-14T18:52:44+00:00","breadcrumb":{"@id":"https:\/\/fotomad.com\/?page_id=18#breadcrumb"},"inLanguage":"en-US","potentialAction":[{"@type":"ReadAction","target":["https:\/\/fotomad.com\/?page_id=18"]}]},{"@type":"BreadcrumbList","@id":"https:\/\/fotomad.com\/?page_id=18#breadcrumb","itemListElement":[{"@type":"ListItem","position":1,"name":"Home","item":"https:\/\/fotomad.com\/"},{"@type":"ListItem","position":2,"name":"Contacto"}]},{"@type":"WebSite","@id":"https:\/\/fotomad.com\/#website","url":"https:\/\/fotomad.com\/","name":"Fotomad Fotograf\u00eda","description":"Fot\u00f3grafo","publisher":{"@id":"https:\/\/fotomad.com\/#\/schema\/person\/1c24198037035f63d60024129ecc0d64"},"potentialAction":[{"@type":"SearchAction","target":{"@type":"EntryPoint","urlTemplate":"https:\/\/fotomad.com\/?s={search_term_string}"},"query-input":{"@type":"PropertyValueSpecification","valueRequired":true,"valueName":"search_term_string"}}],"inLanguage":"en-US"},{"@type":["Person","Organization"],"@id":"https:\/\/fotomad.com\/#\/schema\/person\/1c24198037035f63d60024129ecc0d64","name":"Gustavo Gonz\u00e1lez Bell\u00f3n","image":{"@type":"ImageObject","inLanguage":"en-US","@id":"https:\/\/fotomad.com\/#\/schema\/person\/image\/","url":"https:\/\/secure.gravatar.com\/avatar\/0196dde5a04e53e76cc19e9d6a4be092?s=96&d=mm&r=g","contentUrl":"https:\/\/secure.gravatar.com\/avatar\/0196dde5a04e53e76cc19e9d6a4be092?s=96&d=mm&r=g","caption":"Gustavo Gonz\u00e1lez Bell\u00f3n"},"logo":{"@id":"https:\/\/fotomad.com\/#\/schema\/person\/image\/"}}]}},"_links":{"self":[{"href":"https:\/\/fotomad.com\/index.php?rest_route=\/wp\/v2\/pages\/18","targetHints":{"allow":["GET"]}}],"collection":[{"href":"https:\/\/fotomad.com\/index.php?rest_route=\/wp\/v2\/pages"}],"about":[{"href":"https:\/\/fotomad.com\/index.php?rest_route=\/wp\/v2\/types\/page"}],"author":[{"embeddable":true,"href":"https:\/\/fotomad.com\/index.php?rest_route=\/wp\/v2\/users\/1"}],"replies":[{"embeddable":true,"href":"https:\/\/fotomad.com\/index.php?rest_route=%2Fwp%2Fv2%2Fcomments&post=18"}],"version-history":[{"count":2,"href":"https:\/\/fotomad.com\/index.php?rest_route=\/wp\/v2\/pages\/18\/revisions"}],"predecessor-version":[{"id":204,"href":"https:\/\/fotomad.com\/index.php?rest_route=\/wp\/v2\/pages\/18\/revisions\/204"}],"wp:attachment":[{"href":"https:\/\/fotomad.com\/index.php?rest_route=%2Fwp%2Fv2%2Fmedia&parent=18"}],"curies":[{"name":"wp","href":"https:\/\/api.w.org\/{rel}","templated":true}]}}